{"id":1012,"date":"2018-08-30T12:59:03","date_gmt":"2018-08-30T15:59:03","guid":{"rendered":"https:\/\/isfdsarmiento-cha.infd.edu.ar\/sitio\/autoridades\/"},"modified":"2026-03-04T23:27:01","modified_gmt":"2026-03-05T02:27:01","slug":"autoridades","status":"publish","type":"page","link":"https:\/\/isfdsarmiento-cha.infd.edu.ar\/sitio\/autoridades\/","title":{"rendered":"Planta Funcional\/Personal"},"content":{"rendered":"\n<p> <strong>RECTOR: PROF. FAVIO REN\u00c9 ALVARENGA<\/strong><\/p>\n\n\n\n<p><strong> VICERRECTORA: PROF. LIC. ADRIANA CAROLINA BORD\u00d3N<\/strong><\/p>\n\n\n\n<p><strong>SECRETARIA ACAD\u00c9MICA: PROF. ESP. MARIELA IN\u00c9S VARGAS<\/strong><\/p>\n\n\n\n<p>DIRECTORES DE CARRERAS:<\/p>\n\n\n\n<p>PROF. CARINA STELLA<\/p>\n\n\n\n<p>PROF. LAURA BEN\u00cdTEZ<\/p>\n\n\n\n<p>PROF. NICOL\u00c1S LOIZAGA DE CASTRO<\/p>\n\n\n\n<p>PROF. ROMINA TOMASIN<\/p>\n\n\n\n<p>SECRETARIA ADMINISTRATIVA: PROF. LILA FURQUE<\/p>\n\n\n\n<p>PROSECRETARIA: PROF. M\u00d3NICA PANZARDI<\/p>\n\n\n\n<p>JEFE DE BEDELES: H\u00c9CTOR PATERNOSTI<\/p>\n\n\n\n<p><\/p>\n\n\n\n<div class=\"wp-block-columns is-layout-flex wp-container-2\">\n<div class=\"wp-block-column is-layout-flow\" style=\"flex-basis:100%\">\n<p><\/p>\n\n\n\n<figure class=\"wp-block-table\"><table><tbody><tr><td><strong>&nbsp;<\/strong><\/td><td><\/td><\/tr><\/tbody><\/table><\/figure>\n\n\n\n<figure class=\"wp-block-table\"><table><tbody><tr><td><strong>\u00d3RGANOS DE PARTICIPACI\u00d3N<\/strong><\/td><td><\/td><\/tr><tr><td><img decoding=\"async\" src=\"https:\/\/isfdsarmiento-cha.infd.edu.ar\/sitio\/wp-content\/uploads\/2018\/08\/3_052.gif\"> <strong><a rel=\"noreferrer noopener\" href=\"https:\/\/isfdsarmiento-cha.infd.edu.ar\/sitio\/centro-de-estudiantes\/\" data-type=\"URL\" data-id=\"https:\/\/isfdsarmiento-cha.infd.edu.ar\/sitio\/centro-de-estudiantes\/\" target=\"_blank\">Centro de estudiantes<\/a><\/strong><br><br><img decoding=\"async\" src=\"https:\/\/isfdsarmiento-cha.infd.edu.ar\/sitio\/wp-content\/uploads\/2018\/08\/3_052.gif\"> <strong>Asociaci\u00f3n Cooperadora<\/strong><br><strong>Presidente<\/strong><br>Rosana Escobar<br><strong>Vicepresidente<\/strong><br>Noem\u00ed Bord\u00f3n<br><strong>Tesorero<\/strong><br>Luis Gim\u00e9nez<br><strong>Pro tesorero<\/strong><br><br><strong>Secretaria de Actas<\/strong><br>M\u00f3nica Panzardi<br><br><mark style=\"background-color:rgba(0, 0, 0, 0)\" class=\"has-inline-color has-black-color\"><strong>Paz Alejandro: <\/strong>1\u00b0 Vocal.<br><strong>Alonzo Karina:<\/strong> 2\u00b0 Vocal.<\/mark><\/td><td><\/td><\/tr><\/tbody><\/table><\/figure>\n\n\n\n<p><\/p>\n<\/div>\n<\/div>\n\n\n\n<p><\/p>\n","protected":false},"excerpt":{"rendered":"<p>RECTOR: PROF. FAVIO REN\u00c9 ALVARENGA VICERRECTORA: PROF. LIC. ADRIANA CAROLINA BORD\u00d3N SECRETARIA ACAD\u00c9MICA: PROF. ESP. MARIELA IN\u00c9S VARGAS DIRECTORES DE CARRERAS: PROF. CARINA STELLA PROF. LAURA BEN\u00cdTEZ PROF. NICOL\u00c1S LOIZAGA DE CASTRO PROF. ROMINA TOMASIN SECRETARIA ADMINISTRATIVA: PROF. LILA FURQUE PROSECRETARIA: PROF. M\u00d3NICA PANZARDI JEFE DE BEDELES: H\u00c9CTOR PATERNOSTI &nbsp; \u00d3RGANOS DE PARTICIPACI\u00d3N Centro de &#8230; <a title=\"Planta Funcional\/Personal\" class=\"read-more\" href=\"https:\/\/isfdsarmiento-cha.infd.edu.ar\/sitio\/autoridades\/\" aria-label=\"More on Planta Funcional\/Personal\">[+]<\/a><\/p>\n","protected":false},"author":3525,"featured_media":0,"parent":0,"menu_order":0,"comment_status":"closed","ping_status":"closed","template":"","meta":[],"acf":[],"_links":{"self":[{"href":"https:\/\/isfdsarmiento-cha.infd.edu.ar\/sitio\/wp-json\/wp\/v2\/pages\/1012"}],"collection":[{"href":"https:\/\/isfdsarmiento-cha.infd.edu.ar\/sitio\/wp-json\/wp\/v2\/pages"}],"about":[{"href":"https:\/\/isfdsarmiento-cha.infd.edu.ar\/sitio\/wp-json\/wp\/v2\/types\/page"}],"author":[{"embeddable":true,"href":"https:\/\/isfdsarmiento-cha.infd.edu.ar\/sitio\/wp-json\/wp\/v2\/users\/3525"}],"replies":[{"embeddable":true,"href":"https:\/\/isfdsarmiento-cha.infd.edu.ar\/sitio\/wp-json\/wp\/v2\/comments?post=1012"}],"version-history":[{"count":68,"href":"https:\/\/isfdsarmiento-cha.infd.edu.ar\/sitio\/wp-json\/wp\/v2\/pages\/1012\/revisions"}],"predecessor-version":[{"id":3154,"href":"https:\/\/isfdsarmiento-cha.infd.edu.ar\/sitio\/wp-json\/wp\/v2\/pages\/1012\/revisions\/3154"}],"wp:attachment":[{"href":"https:\/\/isfdsarmiento-cha.infd.edu.ar\/sitio\/wp-json\/wp\/v2\/media?parent=1012"}],"curies":[{"name":"wp","href":"https:\/\/api.w.org\/{rel}","templated":true}]}}