{"id":1014,"date":"2018-08-30T12:59:04","date_gmt":"2018-08-30T15:59:04","guid":{"rendered":"https:\/\/isfdsarmiento-cha.infd.edu.ar\/sitio\/historia\/"},"modified":"2022-04-07T19:58:14","modified_gmt":"2022-04-07T22:58:14","slug":"historia-del-instituto","status":"publish","type":"page","link":"https:\/\/isfdsarmiento-cha.infd.edu.ar\/sitio\/historia-del-instituto\/","title":{"rendered":"Historia"},"content":{"rendered":"\n<div class=\"wp-block-file\"><a href=\"https:\/\/isfdsarmiento-cha.infd.edu.ar\/sitio\/wp-content\/uploads\/2022\/04\/Resena-Historica_IES_Sarmiento.pdf\">Rese\u00f1a Hist\u00f3rica para el 50 aniversario <\/a><a href=\"https:\/\/isfdsarmiento-cha.infd.edu.ar\/sitio\/wp-content\/uploads\/2022\/04\/Resena-Historica_IES_Sarmiento.pdf\" class=\"wp-block-file__button\" download>Descarga<\/a><\/div>\n\n\n\n<p><span style=\"font-family: verdana,geneva;\"><span style=\"font-size: 10pt;\">La historia del Instituto est\u00e1 expresada en este fragmento de una publicaci\u00f3n, escrita por el ex Rector del instituto: Mgter. Jorge Castillo. El art\u00edculo completo puede ser descargado seleccionando <a title=\"Historia del Instituto - Castillo\" href=\"upload\/20090613JORGE_CASTILLO_CIEN_ANIOS_DE_ESCUELA_NORMAL.pdf\" target=\"_blank\" rel=\"noopener\">aqu\u00ed.<\/a><\/span><\/span><\/p>\n\n\n\n<hr class=\"wp-block-separator\"\/>\n\n\n\n<p class=\"has-text-align-center\"><strong><span style=\"font-size: 12pt;\"><span style=\"font-family: verdana,geneva;\">INSTITUTO DE NIVEL SUPERIOR \u201cDOMINGO FAUSTINO SARMIENTO\u201d<\/span><\/span><\/strong><\/p>\n\n\n\n<div style=\"text-align: right;\"><span style=\"font-family: verdana,geneva;\"><span style=\"font-size: 10pt;\">Autor: Magister Psic\u00f3logo Jorge Castillo<br>Rector del Instituto<br>Ex-alumno de la Escuela Normal Mixta \u201cSarmiento\u201d<br><\/span><\/span><\/div>\n\n\n\n<p><span style=\"font-family: verdana,geneva;\"><span style=\"font-size: 10pt;\">&nbsp;<em>Fuente: <strong>\u00abTiempo y esencia del Normalismo\u00bb<\/strong>. Asociaci\u00f3n exalumnos de la Escuela Normal. Publicaci\u00f3n conmemorativa del Centenario de la Creaci\u00f3n del Establecimiento. 1910-2010. Resistencia, 2010. Cospel Ediciones. pp.133-138.<\/em><\/span><\/span><\/p>\n\n\n\n<p><span style=\"font-family: verdana,geneva;\"><span style=\"font-size: 10pt;\">&nbsp;<em>\u00abLos alumnos de la Escuela Normal \u2013los del inicio y los de despu\u00e9s, antes que se dieran las severas alteraciones que torcieron malamente el rumbo original- fueron profesionales de val\u00eda; y ejercieron la docencia en pueblos perdidos del interior del Chaco, mientras preparaban su futuro como abogados, m\u00e9dicos, poetas, historiadores, soci\u00f3logos o artistas pl\u00e1sticos. Muchos llegaron a ocupar cargos pol\u00edticos importantes, y como gobernadores, intendentes, diputados, ministros o senadores hicieron por el Chaco y el pa\u00eds lo que nos ense\u00f1aron en las aulas de la Escuela Normal, y no solamente desde los libros, sino desde la palabra y el ejemplo diario; el contacto permanente y esa disposici\u00f3n personal derivada de una l\u00ednea de acci\u00f3n institucional que se ha dado en llamar \u201cnormalismo\u201d, y no por lo normativo o por la r\u00edgida aceptaci\u00f3n de preceptos o frases hechas, sino por el esp\u00edritu humanista, con vocaci\u00f3n de Patria y de respeto al Otro, \u00fanica estrategia de aproximaci\u00f3n valedera y eficiente que hace viable el proceso educativo y le da sustentabilidad al asociarlo \u00edntimamente con los afectos.\u00bb<\/em>&nbsp;<\/span><\/span><\/p>\n\n\n\n<div>\n<div style=\"text-align: center;\"><object width=\"347\" height=\"347\" classid=\"clsid:d27cdb6e-ae6d-11cf-96b8-444553540000\" codebase=\"http:\/\/download.macromedia.com\/pub\/shockwave\/cabs\/flash\/swflash.cab#version=6,0,40,0\"><param name=\"name\" value=\"flashticker\"><param name=\"align\" value=\"middle\"><param name=\"flashvars\" value=\"cy=h5&amp;il=1&amp;channel=2449958197321102404&amp;site=widget-44.slide.com\"><param name=\"src\" value=\"http:\/\/widget-44.slide.com\/widgets\/slideticker.swf\"><param name=\"wmode\" value=\"transparent\"><param name=\"quality\" value=\"high\"><embed type=\"application\/x-shockwave-flash\" width=\"347\" height=\"347\" src=\"http:\/\/widget-44.slide.com\/widgets\/slideticker.swf\" quality=\"high\" wmode=\"transparent\" flashvars=\"cy=h5&amp;il=1&amp;channel=2449958197321102404&amp;site=widget-44.slide.com\" align=\"middle\" name=\"flashticker\"><\/object><\/div>\n<div style=\"text-align: right;\">\n<div style=\"text-align: center;\"><span style=\"font-family: verdana,geneva;\"><span style=\"font-size: 10pt;\">&nbsp; <a href=\"http:\/\/www.slide.com\/pivot?cy=h5&amp;at=un&amp;id=2449958197321102404&amp;map=2\" target=\"_blank\" rel=\"noopener\"><br><\/a><\/span><\/span><\/div>\n<\/div>\n<\/div>\n\n\n\n<p><span style=\"font-family: verdana,geneva;\"><span style=\"font-size: 10pt;\">&nbsp;<\/span><\/span><\/p>\n","protected":false},"excerpt":{"rendered":"<p>La historia del Instituto est\u00e1 expresada en este fragmento de una publicaci\u00f3n, escrita por el ex Rector del instituto: Mgter. Jorge Castillo. El art\u00edculo completo puede ser descargado seleccionando aqu\u00ed. INSTITUTO DE NIVEL SUPERIOR \u201cDOMINGO FAUSTINO SARMIENTO\u201d Autor: Magister Psic\u00f3logo Jorge CastilloRector del InstitutoEx-alumno de la Escuela Normal Mixta \u201cSarmiento\u201d &nbsp;Fuente: \u00abTiempo y esencia del &#8230; <a title=\"Historia\" class=\"read-more\" href=\"https:\/\/isfdsarmiento-cha.infd.edu.ar\/sitio\/historia-del-instituto\/\" aria-label=\"More on Historia\">[+]<\/a><\/p>\n","protected":false},"author":3561,"featured_media":0,"parent":0,"menu_order":0,"comment_status":"closed","ping_status":"closed","template":"","meta":[],"acf":[],"_links":{"self":[{"href":"https:\/\/isfdsarmiento-cha.infd.edu.ar\/sitio\/wp-json\/wp\/v2\/pages\/1014"}],"collection":[{"href":"https:\/\/isfdsarmiento-cha.infd.edu.ar\/sitio\/wp-json\/wp\/v2\/pages"}],"about":[{"href":"https:\/\/isfdsarmiento-cha.infd.edu.ar\/sitio\/wp-json\/wp\/v2\/types\/page"}],"author":[{"embeddable":true,"href":"https:\/\/isfdsarmiento-cha.infd.edu.ar\/sitio\/wp-json\/wp\/v2\/users\/3561"}],"replies":[{"embeddable":true,"href":"https:\/\/isfdsarmiento-cha.infd.edu.ar\/sitio\/wp-json\/wp\/v2\/comments?post=1014"}],"version-history":[{"count":6,"href":"https:\/\/isfdsarmiento-cha.infd.edu.ar\/sitio\/wp-json\/wp\/v2\/pages\/1014\/revisions"}],"predecessor-version":[{"id":2287,"href":"https:\/\/isfdsarmiento-cha.infd.edu.ar\/sitio\/wp-json\/wp\/v2\/pages\/1014\/revisions\/2287"}],"wp:attachment":[{"href":"https:\/\/isfdsarmiento-cha.infd.edu.ar\/sitio\/wp-json\/wp\/v2\/media?parent=1014"}],"curies":[{"name":"wp","href":"https:\/\/api.w.org\/{rel}","templated":true}]}}