{"id":1037,"date":"2018-08-30T12:59:15","date_gmt":"2018-08-30T15:59:15","guid":{"rendered":"https:\/\/isfdsarmiento-cha.infd.edu.ar\/sitio\/profesorado-en-biologia-2\/"},"modified":"2022-03-25T10:20:36","modified_gmt":"2022-03-25T13:20:36","slug":"profesorado-en-biologia-2","status":"publish","type":"page","link":"https:\/\/isfdsarmiento-cha.infd.edu.ar\/sitio\/profesorado-en-biologia-2\/","title":{"rendered":"Profesorado en Biolog\u00eda"},"content":{"rendered":"\n<div class=\"wp-block-image\"><figure class=\"alignleft\"><img decoding=\"async\" loading=\"lazy\" width=\"1280\" height=\"223\" src=\"https:\/\/isfdsarmiento-cha.infd.edu.ar\/sitio\/wp-content\/uploads\/2022\/03\/Sin-titulo.jpg\" alt=\"\" class=\"wp-image-2183\" srcset=\"https:\/\/isfdsarmiento-cha.infd.edu.ar\/sitio\/wp-content\/uploads\/2022\/03\/Sin-titulo.jpg 1280w, https:\/\/isfdsarmiento-cha.infd.edu.ar\/sitio\/wp-content\/uploads\/2022\/03\/Sin-titulo-1000x174.jpg 1000w, https:\/\/isfdsarmiento-cha.infd.edu.ar\/sitio\/wp-content\/uploads\/2022\/03\/Sin-titulo-768x134.jpg 768w\" sizes=\"(max-width: 1280px) 100vw, 1280px\" \/><\/figure><\/div>\n\n\n\n<p><strong><span style=\"color:#10284e\" class=\"has-inline-color\">DENOMINACION DE LA CARRERA:<\/span>&nbsp;<\/strong>Profesorado de Educaci\u00f3n Secundaria en Biolog\u00eda<\/p>\n\n\n\n<p><strong><span style=\"color:#10284e\" class=\"has-inline-color\">T\u00cdTULO A OTORGAR:<\/span>&nbsp;<\/strong>Profesor de Educaci\u00f3n Secundaria en Biolog\u00eda<\/p>\n\n\n\n<p><strong><span style=\"color:#10284e\" class=\"has-inline-color\">DURACI\u00d3N DE LA CARRERA EN A\u00d1OS ACADEMICOS:<\/span> <\/strong>4 A\u00f1os.<\/p>\n\n\n\n<p><strong><span style=\"color:#10284e\" class=\"has-inline-color\">CARGA HORARIA TOTAL DE LA CARRERA: <\/span><\/strong>2645 horas reloj (HR) y 3968 horas c\u00e1tedras (HC)<\/p>\n\n\n\n<p><strong><span style=\"color:#10284e\" class=\"has-inline-color\">PERFIL DEL EGRESADO&nbsp;<\/span><\/strong><br>Formar profesionales docentes,&nbsp; comprometidos con la realidad&nbsp; provincial y nacional en el contexto Latinoamericano, capaces de ense\u00f1ar, generar y transmitir conocimientos y valores para la formaci\u00f3n&nbsp; integral del ciudadano para la construcci\u00f3n de una sociedad m\u00e1s justa; es por ello que se pretende la construcci\u00f3n de la identidad docente basada en la autonom\u00eda profesional, el v\u00ednculo con la cultura y la sociedad contempor\u00e1nea, el trabajo en equipo, el compromiso con la igualdad y la confianza en las posibilidades de aprendizaje del estudiante.<\/p>\n\n\n\n<p>La docencia va m\u00e1s all\u00e1 que la simple transmisi\u00f3n de conocimientos. Es una actividad compleja que requiere para su ejercicio, de la compresi\u00f3n del fen\u00f3meno educativo. El s\u00f3lo dominio de una disciplina, no aporta los elementos para el desempe\u00f1o de la docencia en forma profesional, es necesario poner \u00e9nfasis en los aspectos, epistemol\u00f3gicos,&nbsp; ontol\u00f3gicos y metodol\u00f3gicos que van a determinar las caracter\u00edsticas de los grupos en los cuales se van a ejercer su profesi\u00f3n.<\/p>\n\n\n\n<div class=\"WordSection4\">\n<p style=\"text-align: justify;\">Un educador en el \u00e1rea de la Biolog\u00eda&nbsp; tiene que estar consciente y ajustado al rol que le corresponde asumir delante de un grupo de educandos y de la sociedad en general, el mismo debe reunir conocimientos, capacidades, actitudes y competencias para el desempe\u00f1o de su rol profesional, que se traducen en:<\/p>\n<\/div>\n\n\n\n<div class=\"WordSection6\">\n<ul>\n<li><em>&nbsp;<\/em><em>Conocimiento riguroso, profundo e integral de los saberes en Biolog\u00eda, de la disciplina que deber\u00e1 ense\u00f1ar y haber comprendido que la Biolog\u00eda constituye en esencia, una actividad humana, un lenguaje simb\u00f3lico y un sistema conceptual l\u00f3gicamente organizado y socialmente compartido.<\/em><\/li>\n<li><em>Pertinencia en la b\u00fasqueda y selecci\u00f3n de las situaciones problem\u00e1ticas id\u00f3neas que den sentido a los conocimientos objetivos y permitan a los alumnos realizar, con inter\u00e9s propio, una actividad de investigaci\u00f3n personal.<\/em><\/li>\n<li><em>Capacidad para descubrir qu\u00e9 Biolog\u00eda necesita conocer sus alumnos, qu\u00e9 debe hacer para conseguir que \u00e9stos desarrollen sus conocimientos en Biolog\u00eda&nbsp; y cu\u00e1l debe ser el contexto en el que tenga lugar el proceso de ense\u00f1anza-aprendizaje.<\/em><\/li>\n<li><em>Comprender la realidad educativa en sus m\u00faltiples dimensiones e interpretar los problemas de esa realidad. Colaborar en la elaboraci\u00f3n e implementaci\u00f3n del proyecto educativo institucional de acuerdo con el contexto social particular de la instituci\u00f3n escolar.<\/em><\/li>\n<li><em>Comprender el funcionamiento del sistema de ense\u00f1anza de la Biolog\u00eda y de los sistemas did\u00e1cticos particulares (profesor, alumnos y saber a ense\u00f1ar) y, en cierta medida, predecir su comportamiento.<\/em><\/li>\n<li><em>Versatilidad en la utilizaci\u00f3n de los recursos de la Tecnolog\u00eda Did\u00e1ctica, poniendo a punto materiales y conocimientos cient\u00edficos disponibles, para mejorar la eficacia de la instrucci\u00f3n en Biolog\u00eda.<\/em><\/li>\n<li><em>Estimular las actividades creativas y la expresi\u00f3n del pensamiento cr\u00edtico e independiente y valorarlas con responsabilidad y juicio amplio y flexible.<\/em><\/li>\n<li><em>Resolver con madurez y equilibrio situaciones en las que intervienen aspectos socio-afectivos.<\/em><\/li>\n<li><em>Analizar los resultados de su trabajo, evaluarlos y modificarlos para mejorar la calidad de los aprendizajes de los alumnos.<\/em><\/li>\n<li><em>Demostrar respeto a los principios de la \u00e9tica profesional.<\/em><\/li>\n<li><em>Establecer relaciones de intercambio de experiencias did\u00e1cticas entre pares para el fortalecimiento de la pr\u00e1ctica docente, la consolidaci\u00f3n de equipos de trabajo y el mejoramiento de las producciones pedag\u00f3gicas.<\/em><\/li>\n<li><em>Participar de investigaciones y\/o trabajos experimentales acerca de aspectos relevantes en el campo disciplinar y difundirlas a la comunidad.<\/em><\/li>\n<\/ul>\n<\/div>\n\n\n\n<div class=\"wp-block-file\"><a href=\"https:\/\/isfdsarmiento-cha.infd.edu.ar\/sitio\/wp-content\/uploads\/2022\/03\/Plan_de_estudios_Biologia.pdf\"><strong><span style=\"color:#2e50bc\" class=\"has-inline-color\">Plan de estudios<\/span><\/strong><\/a><a href=\"https:\/\/isfdsarmiento-cha.infd.edu.ar\/sitio\/wp-content\/uploads\/2022\/03\/Plan_de_estudios_Biologia.pdf\" class=\"wp-block-file__button\" download>Descarga<\/a><\/div>\n\n\n\n<div class=\"wp-block-file\"><a href=\"https:\/\/isfdsarmiento-cha.infd.edu.ar\/sitio\/wp-content\/uploads\/sitio\/RES._2659-16_Corre_Biologia.pdf\"><strong><span style=\"color:#2e50bc\" class=\"has-inline-color\">Correlatividades<\/span><\/strong><\/a><a href=\"https:\/\/isfdsarmiento-cha.infd.edu.ar\/sitio\/wp-content\/uploads\/sitio\/RES._2659-16_Corre_Biologia.pdf\" class=\"wp-block-file__button\" download>Descarga<\/a><\/div>\n\n\n\n<div class=\"wp-block-file\"><a href=\"https:\/\/isfdsarmiento-cha.infd.edu.ar\/sitio\/wp-content\/uploads\/2022\/03\/DISENIO_BIOLOGIA.pdf\"><strong><span style=\"color:#2e50bc\" class=\"has-inline-color\">Dise\u00f1o Curricular<\/span><\/strong><\/a><a href=\"https:\/\/isfdsarmiento-cha.infd.edu.ar\/sitio\/wp-content\/uploads\/2022\/03\/DISENIO_BIOLOGIA.pdf\" class=\"wp-block-file__button\" download>Descarga<\/a><\/div>\n","protected":false},"excerpt":{"rendered":"<p>DENOMINACION DE LA CARRERA:&nbsp;Profesorado de Educaci\u00f3n Secundaria en Biolog\u00eda T\u00cdTULO A OTORGAR:&nbsp;Profesor de Educaci\u00f3n Secundaria en Biolog\u00eda DURACI\u00d3N DE LA CARRERA EN A\u00d1OS ACADEMICOS: 4 A\u00f1os. CARGA HORARIA TOTAL DE LA CARRERA: 2645 horas reloj (HR) y 3968 horas c\u00e1tedras (HC) PERFIL DEL EGRESADO&nbsp;Formar profesionales docentes,&nbsp; comprometidos con la realidad&nbsp; provincial y nacional en el &#8230; <a title=\"Profesorado en Biolog\u00eda\" class=\"read-more\" href=\"https:\/\/isfdsarmiento-cha.infd.edu.ar\/sitio\/profesorado-en-biologia-2\/\" aria-label=\"More on Profesorado en Biolog\u00eda\">[+]<\/a><\/p>\n","protected":false},"author":3561,"featured_media":0,"parent":0,"menu_order":0,"comment_status":"closed","ping_status":"closed","template":"","meta":[],"acf":[],"_links":{"self":[{"href":"https:\/\/isfdsarmiento-cha.infd.edu.ar\/sitio\/wp-json\/wp\/v2\/pages\/1037"}],"collection":[{"href":"https:\/\/isfdsarmiento-cha.infd.edu.ar\/sitio\/wp-json\/wp\/v2\/pages"}],"about":[{"href":"https:\/\/isfdsarmiento-cha.infd.edu.ar\/sitio\/wp-json\/wp\/v2\/types\/page"}],"author":[{"embeddable":true,"href":"https:\/\/isfdsarmiento-cha.infd.edu.ar\/sitio\/wp-json\/wp\/v2\/users\/3561"}],"replies":[{"embeddable":true,"href":"https:\/\/isfdsarmiento-cha.infd.edu.ar\/sitio\/wp-json\/wp\/v2\/comments?post=1037"}],"version-history":[{"count":5,"href":"https:\/\/isfdsarmiento-cha.infd.edu.ar\/sitio\/wp-json\/wp\/v2\/pages\/1037\/revisions"}],"predecessor-version":[{"id":2204,"href":"https:\/\/isfdsarmiento-cha.infd.edu.ar\/sitio\/wp-json\/wp\/v2\/pages\/1037\/revisions\/2204"}],"wp:attachment":[{"href":"https:\/\/isfdsarmiento-cha.infd.edu.ar\/sitio\/wp-json\/wp\/v2\/media?parent=1037"}],"curies":[{"name":"wp","href":"https:\/\/api.w.org\/{rel}","templated":true}]}}