{"id":1043,"date":"2018-08-30T12:59:17","date_gmt":"2018-08-30T15:59:17","guid":{"rendered":"https:\/\/isfdsarmiento-cha.infd.edu.ar\/sitio\/profesorado-en-ensenanza-primaria-2\/"},"modified":"2022-03-23T20:41:16","modified_gmt":"2022-03-23T23:41:16","slug":"profesorado-en-ensenanza-primaria-2","status":"publish","type":"page","link":"https:\/\/isfdsarmiento-cha.infd.edu.ar\/sitio\/oferta-academica\/profesorado-en-ensenanza-primaria-2\/","title":{"rendered":"Profesorado de Educaci\u00f3n Primaria"},"content":{"rendered":"\n<div class=\"wp-block-image\"><figure class=\"aligncenter\"><img decoding=\"async\" loading=\"lazy\" width=\"1280\" height=\"223\" src=\"https:\/\/isfdsarmiento-cha.infd.edu.ar\/sitio\/wp-content\/uploads\/2022\/03\/Sin-titulo-1.jpg\" alt=\"\" class=\"wp-image-2194\" srcset=\"https:\/\/isfdsarmiento-cha.infd.edu.ar\/sitio\/wp-content\/uploads\/2022\/03\/Sin-titulo-1.jpg 1280w, https:\/\/isfdsarmiento-cha.infd.edu.ar\/sitio\/wp-content\/uploads\/2022\/03\/Sin-titulo-1-1000x174.jpg 1000w, https:\/\/isfdsarmiento-cha.infd.edu.ar\/sitio\/wp-content\/uploads\/2022\/03\/Sin-titulo-1-768x134.jpg 768w\" sizes=\"(max-width: 1280px) 100vw, 1280px\" \/><\/figure><\/div>\n\n\n\n<p><span style=\"color: #10284e;\"><strong>DENOMINACI\u00d3N DE LA CARRERA:<\/strong><\/span> Profesorado de Educaci\u00f3n Primaria<\/p>\n\n\n\n<p><span style=\"color: #10284e;\"><strong>TITULO QUE OTORGA LA CARRERA:<\/strong> <\/span>Profesor\/a de Educaci\u00f3n Primaria A<\/p>\n\n\n\n<p><span style=\"color: #10284e;\"><strong>ALCANCES DEL T\u00cdTULO:<\/strong><\/span> Los egresados est\u00e1n habilitados para el ejercicio de la docencia para la educaci\u00f3n primaria. Reconocimiento acad\u00e9mico del t\u00edtulo de grado para continuar estudios de pos titulaciones.<\/p>\n\n\n\n<p><span style=\"color: #10284e;\"><strong>DURACI\u00d3N DE LA CARRERA:<\/strong> <\/span>4 A\u00d1OS CARGA HORARIA TOTAL: 4112 HORAS C\u00c1TEDRAS, 2742 HORAS RELOJ<\/p>\n\n\n\n<p><span style=\"color: #10284e;\"><strong>PERFIL DEL EGRESADO <\/strong><\/span><\/p>\n\n\n\n<p>Formar profesionales docentes, comprometidos con la realidad provincial y nacional en el contexto Latinoamericano, capaces de ense\u00f1ar, generar y transmitir conocimientos y valores para la formaci\u00f3n integral del ciudadano para la construcci\u00f3n 13 de una sociedad m\u00e1s justa, requiere la generaci\u00f3n de una identidad basada en la autonom\u00eda profesional, el v\u00ednculo con la cultura y la sociedad contempor\u00e1nea, el trabajo en equipo, el compromiso con la igualdad y la confianza en las posibilidades de aprendizaje del estudiante.<\/p>\n\n\n\n<p>Un educador en Educaci\u00f3n Primaria debe reunir conocimientos, capacidades, actitudes y competencias para el desempe\u00f1o de su rol profesional, que se traducen en:<\/p>\n\n\n\n<ul><li>Fundamentar te\u00f3ricamente su desempe\u00f1o y pr\u00e1ctica profesional, reflexionando y delimitando tem\u00e1ticas que aporten soluciones a los diversos problemas educativos asumiendo la dimensi\u00f3n pol\u00edtica de la pr\u00e1ctica docente como parte de un proyecto de pa\u00eds.<\/li><li>Conducir procesos de aprendizajes grupales e individuales a partir del reconocimiento del sentido educativo de los contenidos a ense\u00f1ar en el nivel primario.<\/li><li>Comprender al sujeto de la educaci\u00f3n primaria, a quien va dirigida la ense\u00f1anza, en sus dimensiones subjetivas, psicol\u00f3gicas, cognitivas, afectivas y socio-culturales.<\/li><li>Reflexionar sobre las distintas perspectivas te\u00f3ricas en torno de la comprensi\u00f3n de los sujetos de la educaci\u00f3n primaria, atendiendo al rol que tiene la escuela en la constituci\u00f3n de la subjetividad de los ni\u00f1os en este nivel educativo y problematizar la propia representaci\u00f3n sobre la ni\u00f1ez y las nuevas infancias en el mundo contempor\u00e1neo.<\/li><li>Planificar y desarrollar estrategias para la ense\u00f1anza interactiva y su evaluaci\u00f3n did\u00e1ctica. \u2022 Comprender la vida escolar dentro de los complejos procesos sociales y culturales que constituyen la realidad social.<\/li><li>Favorecer la construcci\u00f3n de la subjetividad e identidad de los diferentes sujetos sociales, a partir de sus propias realidades hist\u00f3ricas, regionales, medioambientales y culturales.<\/li><li>Identificar las caracter\u00edsticas y necesidades de aprendizaje de los estudiantes reconociendo la diversidad sociocultural y socioling\u00fc\u00edstica como fuentes para organizar y dirigir situaciones de ense\u00f1anza a trav\u00e9s del desarrollo de dispositivos pedag\u00f3gicos adecuados.<\/li><li>Seleccionar y utilizar nuevas tecnolog\u00edas promoviendo aprendizajes situados.<\/li><li>Trabajar en equipo con otros docentes, elaborar proyectos institucionales, participar y promover actividades propias de la escuela.<\/li><li>Participaci\u00f3n en la elaboraci\u00f3n e implementaci\u00f3n de: Proyecto Educativo Comunitario \u2013PEC-, de investigaci\u00f3n y\/o trabajos experimentales de acuerdo con el contexto social particular de la instituci\u00f3n escolar<\/li><li>Utilizar de los recursos tecnol\u00f3gicos apropiados que estimulen la creatividad y la expresi\u00f3n del pensamiento cr\u00edtico e independiente.<\/li><li>Evaluar en equipo de procesos y resultados de intervenci\u00f3n pedag\u00f3gica para fortalecer la calidad de los aprendizajes.<\/li><\/ul>\n\n\n\n<div class=\"wp-block-file\"><a href=\"https:\/\/isfdsarmiento-cha.infd.edu.ar\/sitio\/wp-content\/uploads\/2022\/03\/Plan_de_estudios_Primaria_1.pdf\"><strong><span style=\"color:#2e50bc\" class=\"has-inline-color\">Plan de estudios<\/span><\/strong><\/a><a href=\"https:\/\/isfdsarmiento-cha.infd.edu.ar\/sitio\/wp-content\/uploads\/2022\/03\/Plan_de_estudios_Primaria_1.pdf\" class=\"wp-block-file__button\" download>Descarga<\/a><\/div>\n\n\n\n<div class=\"wp-block-file\"><a href=\"https:\/\/isfdsarmiento-cha.infd.edu.ar\/sitio\/wp-content\/uploads\/sitio\/RES-_2025-16_Corre_Primaria.pdf\"><strong><span style=\"color:#2e50bc\" class=\"has-inline-color\">Correlatividades<\/span><\/strong><\/a><a href=\"https:\/\/isfdsarmiento-cha.infd.edu.ar\/sitio\/wp-content\/uploads\/sitio\/RES-_2025-16_Corre_Primaria.pdf\" class=\"wp-block-file__button\" download>Descarga<\/a><\/div>\n\n\n\n<div class=\"wp-block-file\"><a href=\"https:\/\/isfdsarmiento-cha.infd.edu.ar\/sitio\/wp-content\/uploads\/2022\/03\/DISENIO_PRIMARIA.pdf\"><strong><span style=\"color:#2e50bc\" class=\"has-inline-color\">Dise\u00f1o Curricular<\/span><\/strong><\/a><a href=\"https:\/\/isfdsarmiento-cha.infd.edu.ar\/sitio\/wp-content\/uploads\/2022\/03\/DISENIO_PRIMARIA.pdf\" class=\"wp-block-file__button\" download>Descarga<\/a><\/div>\n","protected":false},"excerpt":{"rendered":"<p>DENOMINACI\u00d3N DE LA CARRERA: Profesorado de Educaci\u00f3n Primaria TITULO QUE OTORGA LA CARRERA: Profesor\/a de Educaci\u00f3n Primaria A ALCANCES DEL T\u00cdTULO: Los egresados est\u00e1n habilitados para el ejercicio de la docencia para la educaci\u00f3n primaria. Reconocimiento acad\u00e9mico del t\u00edtulo de grado para continuar estudios de pos titulaciones. DURACI\u00d3N DE LA CARRERA: 4 A\u00d1OS CARGA HORARIA &#8230; <a title=\"Profesorado de Educaci\u00f3n Primaria\" class=\"read-more\" href=\"https:\/\/isfdsarmiento-cha.infd.edu.ar\/sitio\/oferta-academica\/profesorado-en-ensenanza-primaria-2\/\" aria-label=\"More on Profesorado de Educaci\u00f3n Primaria\">[+]<\/a><\/p>\n","protected":false},"author":3561,"featured_media":0,"parent":1196,"menu_order":0,"comment_status":"closed","ping_status":"closed","template":"","meta":[],"acf":[],"_links":{"self":[{"href":"https:\/\/isfdsarmiento-cha.infd.edu.ar\/sitio\/wp-json\/wp\/v2\/pages\/1043"}],"collection":[{"href":"https:\/\/isfdsarmiento-cha.infd.edu.ar\/sitio\/wp-json\/wp\/v2\/pages"}],"about":[{"href":"https:\/\/isfdsarmiento-cha.infd.edu.ar\/sitio\/wp-json\/wp\/v2\/types\/page"}],"author":[{"embeddable":true,"href":"https:\/\/isfdsarmiento-cha.infd.edu.ar\/sitio\/wp-json\/wp\/v2\/users\/3561"}],"replies":[{"embeddable":true,"href":"https:\/\/isfdsarmiento-cha.infd.edu.ar\/sitio\/wp-json\/wp\/v2\/comments?post=1043"}],"version-history":[{"count":4,"href":"https:\/\/isfdsarmiento-cha.infd.edu.ar\/sitio\/wp-json\/wp\/v2\/pages\/1043\/revisions"}],"predecessor-version":[{"id":2199,"href":"https:\/\/isfdsarmiento-cha.infd.edu.ar\/sitio\/wp-json\/wp\/v2\/pages\/1043\/revisions\/2199"}],"up":[{"embeddable":true,"href":"https:\/\/isfdsarmiento-cha.infd.edu.ar\/sitio\/wp-json\/wp\/v2\/pages\/1196"}],"wp:attachment":[{"href":"https:\/\/isfdsarmiento-cha.infd.edu.ar\/sitio\/wp-json\/wp\/v2\/media?parent=1043"}],"curies":[{"name":"wp","href":"https:\/\/api.w.org\/{rel}","templated":true}]}}