{"id":2080,"date":"2022-03-09T12:36:13","date_gmt":"2022-03-09T15:36:13","guid":{"rendered":"https:\/\/isfdsarmiento-cha.infd.edu.ar\/sitio\/?page_id=2080"},"modified":"2022-03-26T12:35:18","modified_gmt":"2022-03-26T15:35:18","slug":"profesorado-de-fisica","status":"publish","type":"page","link":"https:\/\/isfdsarmiento-cha.infd.edu.ar\/sitio\/oferta-academica\/profesorado-de-fisica\/","title":{"rendered":"Profesorado de F\u00edsica"},"content":{"rendered":"\n<div class=\"wp-block-columns is-layout-flex wp-container-2\">\n<div class=\"wp-block-column is-layout-flow\" style=\"flex-basis:100%\"><\/div>\n<\/div>\n\n\n\n<figure class=\"wp-block-image size-large\"><img decoding=\"async\" loading=\"lazy\" width=\"1280\" height=\"223\" src=\"https:\/\/isfdsarmiento-cha.infd.edu.ar\/sitio\/wp-content\/uploads\/2022\/03\/fisica.jpg\" alt=\"\" class=\"wp-image-2232\" srcset=\"https:\/\/isfdsarmiento-cha.infd.edu.ar\/sitio\/wp-content\/uploads\/2022\/03\/fisica.jpg 1280w, https:\/\/isfdsarmiento-cha.infd.edu.ar\/sitio\/wp-content\/uploads\/2022\/03\/fisica-1000x174.jpg 1000w, https:\/\/isfdsarmiento-cha.infd.edu.ar\/sitio\/wp-content\/uploads\/2022\/03\/fisica-768x134.jpg 768w\" sizes=\"(max-width: 1280px) 100vw, 1280px\" \/><\/figure>\n\n\n\n<p><strong><span style=\"color:#10284e\" class=\"has-inline-color\">DENOMINACI\u00d3N DE LA CARRERA<br><\/span><\/strong>Profesorado de Educaci\u00f3n Secundaria en F\u00edsica<\/p>\n\n\n\n<p id=\"block-ad87db05-83f7-4171-a92e-923faa4a51fb\"><strong><span style=\"color:#10284e\" class=\"has-inline-color\">TITULO QUE OTORGA LA CARRERA<br><\/span><\/strong>Profesor\/a de Educaci\u00f3n Secundaria en F\u00edsica<\/p>\n\n\n\n<p id=\"block-b2724c6a-dded-402a-ac03-f590e827af05\"><strong><span style=\"color:#10284e\" class=\"has-inline-color\">ALCANCES DEL T\u00cdTULO<\/span><\/strong><\/p>\n\n\n\n<ul id=\"block-5b43399d-a9ae-4d84-9bd7-d23717f523b8\"><li>Los egresados est\u00e1n habilitados para el ejercicio de la docencia para la educaci\u00f3n secundaria.<\/li><li>Reconocimiento acad\u00e9mico del t\u00edtulo de grado para continuar estudios de pos titulaciones.<\/li><\/ul>\n\n\n\n<p id=\"block-a173c967-16bc-4b26-89e8-f993a5eb6f06\"><strong><span style=\"color:#10284e\" class=\"has-inline-color\">DURACI\u00d3N DE LA CARRERA:<\/span><\/strong> 4 a\u00f1os<\/p>\n\n\n\n<p id=\"block-d3670f6c-ee31-4044-8d02-71db52a4ee7f\"><strong><span style=\"color:#10284e\" class=\"has-inline-color\">CARGA HORARIA TOTAL:<\/span><\/strong> 4032 horas c\u00e1tedras, 2685 horas reloj<\/p>\n\n\n\n<p id=\"block-9fd3b28d-b0e5-4ded-8fde-9bb84f017543\"><strong><span style=\"color:#10284e\" class=\"has-inline-color\">CONDICIONES DE ACCESO: <\/span><\/strong>Poseer t\u00edtulo de nivel medio para acceder a estudios conducentes a titulaciones docentes. Excepcionalmente, los mayores de 25 a\u00f1os que no re\u00fanan esa condici\u00f3n, podr\u00e1n ingresar seg\u00fan lo establecido por el Art N\u00b0 7 de la Ley de Educaci\u00f3n Superior N\u00b0 24521<\/p>\n\n\n\n<div class=\"wp-block-file\"><a href=\"https:\/\/isfdsarmiento-cha.infd.edu.ar\/sitio\/wp-content\/uploads\/2022\/03\/Plan_de_estudios_Fisica.pdf\"><strong><span style=\"color:#2e50bc\" class=\"has-inline-color\">Plan de estudios<\/span><\/strong><\/a><a href=\"https:\/\/isfdsarmiento-cha.infd.edu.ar\/sitio\/wp-content\/uploads\/2022\/03\/Plan_de_estudios_Fisica.pdf\" class=\"wp-block-file__button\" download>Descarga<\/a><\/div>\n\n\n\n<div class=\"wp-block-file\"><a href=\"https:\/\/isfdsarmiento-cha.infd.edu.ar\/sitio\/wp-content\/uploads\/2022\/03\/Resol-04771-17_Correlat-Fisica-Nueva.pdf\"><strong><span style=\"color:#2e50bc\" class=\"has-inline-color\">Correlatividades<\/span><\/strong><\/a><a href=\"https:\/\/isfdsarmiento-cha.infd.edu.ar\/sitio\/wp-content\/uploads\/2022\/03\/Resol-04771-17_Correlat-Fisica-Nueva.pdf\" class=\"wp-block-file__button\" download>Descarga<\/a><\/div>\n\n\n\n<div class=\"wp-block-file\"><a href=\"https:\/\/isfdsarmiento-cha.infd.edu.ar\/sitio\/wp-content\/uploads\/2022\/03\/Disenio_Profesorado_de_FISICA.pdf\"><strong><span style=\"color:#2e50bc\" class=\"has-inline-color\">Dise\u00f1o curricular<\/span><\/strong><\/a><a href=\"https:\/\/isfdsarmiento-cha.infd.edu.ar\/sitio\/wp-content\/uploads\/2022\/03\/Disenio_Profesorado_de_FISICA.pdf\" class=\"wp-block-file__button\" download>Descarga<\/a><\/div>\n\n\n\n<p><\/p>\n","protected":false},"excerpt":{"rendered":"<p>DENOMINACI\u00d3N DE LA CARRERAProfesorado de Educaci\u00f3n Secundaria en F\u00edsica TITULO QUE OTORGA LA CARRERAProfesor\/a de Educaci\u00f3n Secundaria en F\u00edsica ALCANCES DEL T\u00cdTULO Los egresados est\u00e1n habilitados para el ejercicio de la docencia para la educaci\u00f3n secundaria. Reconocimiento acad\u00e9mico del t\u00edtulo de grado para continuar estudios de pos titulaciones. DURACI\u00d3N DE LA CARRERA: 4 a\u00f1os CARGA &#8230; <a title=\"Profesorado de F\u00edsica\" class=\"read-more\" href=\"https:\/\/isfdsarmiento-cha.infd.edu.ar\/sitio\/oferta-academica\/profesorado-de-fisica\/\" aria-label=\"More on Profesorado de F\u00edsica\">[+]<\/a><\/p>\n","protected":false},"author":3525,"featured_media":0,"parent":1196,"menu_order":0,"comment_status":"closed","ping_status":"closed","template":"","meta":[],"acf":[],"_links":{"self":[{"href":"https:\/\/isfdsarmiento-cha.infd.edu.ar\/sitio\/wp-json\/wp\/v2\/pages\/2080"}],"collection":[{"href":"https:\/\/isfdsarmiento-cha.infd.edu.ar\/sitio\/wp-json\/wp\/v2\/pages"}],"about":[{"href":"https:\/\/isfdsarmiento-cha.infd.edu.ar\/sitio\/wp-json\/wp\/v2\/types\/page"}],"author":[{"embeddable":true,"href":"https:\/\/isfdsarmiento-cha.infd.edu.ar\/sitio\/wp-json\/wp\/v2\/users\/3525"}],"replies":[{"embeddable":true,"href":"https:\/\/isfdsarmiento-cha.infd.edu.ar\/sitio\/wp-json\/wp\/v2\/comments?post=2080"}],"version-history":[{"count":4,"href":"https:\/\/isfdsarmiento-cha.infd.edu.ar\/sitio\/wp-json\/wp\/v2\/pages\/2080\/revisions"}],"predecessor-version":[{"id":2239,"href":"https:\/\/isfdsarmiento-cha.infd.edu.ar\/sitio\/wp-json\/wp\/v2\/pages\/2080\/revisions\/2239"}],"up":[{"embeddable":true,"href":"https:\/\/isfdsarmiento-cha.infd.edu.ar\/sitio\/wp-json\/wp\/v2\/pages\/1196"}],"wp:attachment":[{"href":"https:\/\/isfdsarmiento-cha.infd.edu.ar\/sitio\/wp-json\/wp\/v2\/media?parent=2080"}],"curies":[{"name":"wp","href":"https:\/\/api.w.org\/{rel}","templated":true}]}}