{"id":2084,"date":"2022-03-09T12:44:59","date_gmt":"2022-03-09T15:44:59","guid":{"rendered":"https:\/\/isfdsarmiento-cha.infd.edu.ar\/sitio\/?page_id=2084"},"modified":"2022-03-28T11:47:52","modified_gmt":"2022-03-28T14:47:52","slug":"profesorado-en-ciencias-de-la-educacion","status":"publish","type":"page","link":"https:\/\/isfdsarmiento-cha.infd.edu.ar\/sitio\/profesorado-en-ciencias-de-la-educacion\/","title":{"rendered":"Profesorado en Ciencias de la Educaci\u00f3n"},"content":{"rendered":"\n<figure class=\"wp-block-image size-large\"><img decoding=\"async\" loading=\"lazy\" width=\"1280\" height=\"223\" src=\"https:\/\/isfdsarmiento-cha.infd.edu.ar\/sitio\/wp-content\/uploads\/2022\/03\/ciencias-de-la-educ.jpg\" alt=\"\" class=\"wp-image-2243\" srcset=\"https:\/\/isfdsarmiento-cha.infd.edu.ar\/sitio\/wp-content\/uploads\/2022\/03\/ciencias-de-la-educ.jpg 1280w, https:\/\/isfdsarmiento-cha.infd.edu.ar\/sitio\/wp-content\/uploads\/2022\/03\/ciencias-de-la-educ-1000x174.jpg 1000w, https:\/\/isfdsarmiento-cha.infd.edu.ar\/sitio\/wp-content\/uploads\/2022\/03\/ciencias-de-la-educ-768x134.jpg 768w\" sizes=\"(max-width: 1280px) 100vw, 1280px\" \/><\/figure>\n\n\n\n<p><strong><span style=\"color:#10284e\" class=\"has-inline-color\">DENOMINACI\u00d3N DE LA CARRERA<\/span><\/strong><\/p>\n\n\n\n<p>Profesorado de Educaci\u00f3n Superior en Ciencias de la Educaci\u00f3n.<\/p>\n\n\n\n<p><strong><span style=\"color:#10284e\" class=\"has-inline-color\">T\u00cdTULO QUE OTORGA LA CARRERA<\/span><\/strong><\/p>\n\n\n\n<p>Profesor\/a de Educaci\u00f3n Superior en Ciencias de la Educaci\u00f3n.<\/p>\n\n\n\n<p><strong><span style=\"color:#10284e\" class=\"has-inline-color\">DURACI\u00d3N DE LA CARRERA EN A\u00d1OS ACAD\u00c9MICOS:<\/span> <\/strong>5 A\u00f1os<\/p>\n\n\n\n<p><strong><span style=\"color:#10284e\" class=\"has-inline-color\">CARGA HORARIA TOTAL DE LA CARRERA: <\/span><\/strong>Total horas reloj: 3.343 Total horas c\u00e1tedras: 5.024<\/p>\n\n\n\n<div class=\"wp-block-file\"><a href=\"https:\/\/isfdsarmiento-cha.infd.edu.ar\/sitio\/wp-content\/uploads\/2022\/03\/Plan_de_estudios_Ciencias_de_la_educacion.pdf\"><strong><span style=\"color:#2e50bc\" class=\"has-inline-color\">Plan de estudios<\/span><\/strong><\/a><a href=\"https:\/\/isfdsarmiento-cha.infd.edu.ar\/sitio\/wp-content\/uploads\/2022\/03\/Plan_de_estudios_Ciencias_de_la_educacion.pdf\" class=\"wp-block-file__button\" download>Descarga<\/a><\/div>\n\n\n\n<div class=\"wp-block-file\"><a href=\"https:\/\/isfdsarmiento-cha.infd.edu.ar\/sitio\/wp-content\/uploads\/2022\/03\/Disenio_Curricular_Ciencias_de_la_Educacion.pdf\"><strong><span style=\"color:#2e50bc\" class=\"has-inline-color\">Dise\u00f1o Curricular<\/span><\/strong><\/a><a href=\"https:\/\/isfdsarmiento-cha.infd.edu.ar\/sitio\/wp-content\/uploads\/2022\/03\/Disenio_Curricular_Ciencias_de_la_Educacion.pdf\" class=\"wp-block-file__button\" download>Descarga<\/a><\/div>\n","protected":false},"excerpt":{"rendered":"<p>DENOMINACI\u00d3N DE LA CARRERA Profesorado de Educaci\u00f3n Superior en Ciencias de la Educaci\u00f3n. T\u00cdTULO QUE OTORGA LA CARRERA Profesor\/a de Educaci\u00f3n Superior en Ciencias de la Educaci\u00f3n. DURACI\u00d3N DE LA CARRERA EN A\u00d1OS ACAD\u00c9MICOS: 5 A\u00f1os CARGA HORARIA TOTAL DE LA CARRERA: Total horas reloj: 3.343 Total horas c\u00e1tedras: 5.024<\/p>\n","protected":false},"author":3525,"featured_media":0,"parent":0,"menu_order":0,"comment_status":"closed","ping_status":"closed","template":"","meta":[],"acf":[],"_links":{"self":[{"href":"https:\/\/isfdsarmiento-cha.infd.edu.ar\/sitio\/wp-json\/wp\/v2\/pages\/2084"}],"collection":[{"href":"https:\/\/isfdsarmiento-cha.infd.edu.ar\/sitio\/wp-json\/wp\/v2\/pages"}],"about":[{"href":"https:\/\/isfdsarmiento-cha.infd.edu.ar\/sitio\/wp-json\/wp\/v2\/types\/page"}],"author":[{"embeddable":true,"href":"https:\/\/isfdsarmiento-cha.infd.edu.ar\/sitio\/wp-json\/wp\/v2\/users\/3525"}],"replies":[{"embeddable":true,"href":"https:\/\/isfdsarmiento-cha.infd.edu.ar\/sitio\/wp-json\/wp\/v2\/comments?post=2084"}],"version-history":[{"count":2,"href":"https:\/\/isfdsarmiento-cha.infd.edu.ar\/sitio\/wp-json\/wp\/v2\/pages\/2084\/revisions"}],"predecessor-version":[{"id":2244,"href":"https:\/\/isfdsarmiento-cha.infd.edu.ar\/sitio\/wp-json\/wp\/v2\/pages\/2084\/revisions\/2244"}],"wp:attachment":[{"href":"https:\/\/isfdsarmiento-cha.infd.edu.ar\/sitio\/wp-json\/wp\/v2\/media?parent=2084"}],"curies":[{"name":"wp","href":"https:\/\/api.w.org\/{rel}","templated":true}]}}