{"id":318,"date":"2016-10-31T14:20:44","date_gmt":"2016-10-31T17:20:44","guid":{"rendered":"https:\/\/isfdsarmiento-cha.infd.edu.ar\/sitio\/?page_id=318"},"modified":"2021-05-29T22:22:12","modified_gmt":"2021-05-30T01:22:12","slug":"contacto","status":"publish","type":"page","link":"https:\/\/isfdsarmiento-cha.infd.edu.ar\/sitio\/contacto\/","title":{"rendered":"CONTACTO"},"content":{"rendered":"<p style=\"text-align: center;\"><span data-mce-mark=\"1\"><strong>PARA M\u00c1S INFORMACI\u00d3N<\/strong> <\/span><\/p>\n<p><span data-mce-mark=\"1\"><strong>Acerc\u00e1ndose al instituto en:<\/strong> Calle D\u00f3novan N\u00ba 425. Resistencia, Chaco<\/span><\/p>\n<p><span data-mce-mark=\"1\"><strong>Por tel\u00e9fono al: <\/strong>0362-\u00a0<\/span>4424200<\/p>\n<p><strong>Por correo electr\u00f3nico:<\/strong>\u00a0<a href=\"mailto:estudiantesdfsarmiento@gmail.com\">estudiantesdfsarmiento@gmail.com<\/a><\/p>\n<p><strong>Facebook:<\/strong><a href=\"https:\/\/www.facebook.com\/IES-Domingo-F-Sarmiento-470145740465880\">\u00a0https:\/\/www.facebook.com\/IES-Domingo-F-Sarmiento-470145740465880\u00a0<\/a><\/p>\n<p style=\"text-align: center;\"><span data-mce-mark=\"1\">Atendemos de lunes a viernes, de 18:30 a 23:10<br \/>\n<\/span><\/p>\n","protected":false},"excerpt":{"rendered":"<p>PARA M\u00c1S INFORMACI\u00d3N Acerc\u00e1ndose al instituto en: Calle D\u00f3novan N\u00ba 425. Resistencia, Chaco Por tel\u00e9fono al: 0362-\u00a04424200 Por correo electr\u00f3nico:\u00a0estudiantesdfsarmiento@gmail.com Facebook:\u00a0https:\/\/www.facebook.com\/IES-Domingo-F-Sarmiento-470145740465880\u00a0 Atendemos de lunes a viernes, de 18:30 a 23:10<\/p>\n","protected":false},"author":1,"featured_media":0,"parent":0,"menu_order":0,"comment_status":"closed","ping_status":"closed","template":"","meta":[],"acf":[],"_links":{"self":[{"href":"https:\/\/isfdsarmiento-cha.infd.edu.ar\/sitio\/wp-json\/wp\/v2\/pages\/318"}],"collection":[{"href":"https:\/\/isfdsarmiento-cha.infd.edu.ar\/sitio\/wp-json\/wp\/v2\/pages"}],"about":[{"href":"https:\/\/isfdsarmiento-cha.infd.edu.ar\/sitio\/wp-json\/wp\/v2\/types\/page"}],"author":[{"embeddable":true,"href":"https:\/\/isfdsarmiento-cha.infd.edu.ar\/sitio\/wp-json\/wp\/v2\/users\/1"}],"replies":[{"embeddable":true,"href":"https:\/\/isfdsarmiento-cha.infd.edu.ar\/sitio\/wp-json\/wp\/v2\/comments?post=318"}],"version-history":[{"count":12,"href":"https:\/\/isfdsarmiento-cha.infd.edu.ar\/sitio\/wp-json\/wp\/v2\/pages\/318\/revisions"}],"predecessor-version":[{"id":1936,"href":"https:\/\/isfdsarmiento-cha.infd.edu.ar\/sitio\/wp-json\/wp\/v2\/pages\/318\/revisions\/1936"}],"wp:attachment":[{"href":"https:\/\/isfdsarmiento-cha.infd.edu.ar\/sitio\/wp-json\/wp\/v2\/media?parent=318"}],"curies":[{"name":"wp","href":"https:\/\/api.w.org\/{rel}","templated":true}]}}