{"id":988,"date":"2018-08-30T12:58:54","date_gmt":"2018-08-30T15:58:54","guid":{"rendered":"https:\/\/isfdsarmiento-cha.infd.edu.ar\/sitio\/biblioteca-avellaneda\/"},"modified":"2021-06-14T12:40:06","modified_gmt":"2021-06-14T15:40:06","slug":"biblioteca-avellaneda","status":"publish","type":"page","link":"https:\/\/isfdsarmiento-cha.infd.edu.ar\/sitio\/biblioteca-avellaneda\/","title":{"rendered":"Biblioteca Nicol\u00e1s Avellaneda"},"content":{"rendered":"<p>13 de junio D\u00eda del Escritor:\u00a0<a href=\"https:\/\/www.facebook.com\/watch\/?v=327296728795466\" target=\"_blank\" rel=\"noopener\">Ver video<\/a><\/p>\n<p>&nbsp;<\/p>\n<p style=\"text-align: left;\"><span style=\"font-family: verdana,geneva;\"><span style=\"font-size: 10pt;\">En estos sitios podr\u00e1s encontrar informaci\u00f3n sobre la Biblioteca \u00abNicol\u00e1s Avellaneda\u00bb<\/span><\/span><\/p>\n<p style=\"text-align: center;\"><span style=\"font-family: verdana,geneva;\"><span style=\"font-size: 10pt;\"><img decoding=\"async\" loading=\"lazy\" src=\"https:\/\/isfdsarmiento-cha.infd.edu.ar\/sitio\/wp-content\/uploads\/2018\/08\/biblioteca.jpg\" width=\"287\" height=\"215\" border=\"0\" \/><\/span><\/span><\/p>\n<p><span style=\"font-family: verdana,geneva;\"><span style=\"font-size: 10pt;\">Blog de la Biblioteca, selecciona <a title=\"Blog Biblioteca Avellaneda\" href=\"http:\/\/bibavellaneda-traslado.blogspot.com\/\" target=\"_blank\" rel=\"noopener\">aqu\u00ed<\/a>.<\/span><\/span><\/p>\n<p><span style=\"font-family: verdana,geneva;\"><span style=\"font-size: 10pt;\">Carta de Servicios, selecciona <a title=\"Carta de servicios\" href=\"http:\/\/biblioavellaneda-cartadeservicios.blogspot.com\/\" target=\"_blank\" rel=\"noopener\">aqu\u00ed<\/a>.<\/span><\/span><\/p>\n<p><span style=\"font-family: verdana,geneva;\"><span style=\"font-size: 10pt;\">Procesos T\u00e9cnicos, selecciona <a title=\"Procesos T\u00e9cnicos\" href=\"http:\/\/procesostecnicos-grise.blogspot.com\/\" target=\"_blank\" rel=\"noopener\">aqu\u00ed<\/a>.<\/span><\/span><\/p>\n<p><span style=\"font-family: verdana,geneva;\">\u00a0<\/span><\/p>\n","protected":false},"excerpt":{"rendered":"<p>13 de junio D\u00eda del Escritor:\u00a0Ver video &nbsp; En estos sitios podr\u00e1s encontrar informaci\u00f3n sobre la Biblioteca \u00abNicol\u00e1s Avellaneda\u00bb Blog de la Biblioteca, selecciona aqu\u00ed. Carta de Servicios, selecciona aqu\u00ed. Procesos T\u00e9cnicos, selecciona aqu\u00ed. \u00a0<\/p>\n","protected":false},"author":3561,"featured_media":0,"parent":0,"menu_order":0,"comment_status":"closed","ping_status":"closed","template":"","meta":[],"acf":[],"_links":{"self":[{"href":"https:\/\/isfdsarmiento-cha.infd.edu.ar\/sitio\/wp-json\/wp\/v2\/pages\/988"}],"collection":[{"href":"https:\/\/isfdsarmiento-cha.infd.edu.ar\/sitio\/wp-json\/wp\/v2\/pages"}],"about":[{"href":"https:\/\/isfdsarmiento-cha.infd.edu.ar\/sitio\/wp-json\/wp\/v2\/types\/page"}],"author":[{"embeddable":true,"href":"https:\/\/isfdsarmiento-cha.infd.edu.ar\/sitio\/wp-json\/wp\/v2\/users\/3561"}],"replies":[{"embeddable":true,"href":"https:\/\/isfdsarmiento-cha.infd.edu.ar\/sitio\/wp-json\/wp\/v2\/comments?post=988"}],"version-history":[{"count":3,"href":"https:\/\/isfdsarmiento-cha.infd.edu.ar\/sitio\/wp-json\/wp\/v2\/pages\/988\/revisions"}],"predecessor-version":[{"id":1943,"href":"https:\/\/isfdsarmiento-cha.infd.edu.ar\/sitio\/wp-json\/wp\/v2\/pages\/988\/revisions\/1943"}],"wp:attachment":[{"href":"https:\/\/isfdsarmiento-cha.infd.edu.ar\/sitio\/wp-json\/wp\/v2\/media?parent=988"}],"curies":[{"name":"wp","href":"https:\/\/api.w.org\/{rel}","templated":true}]}}