{"id":993,"date":"2018-08-30T12:58:56","date_gmt":"2018-08-30T15:58:56","guid":{"rendered":"https:\/\/isfdsarmiento-cha.infd.edu.ar\/sitio\/centro-de-estudiantes\/"},"modified":"2024-11-12T10:20:10","modified_gmt":"2024-11-12T13:20:10","slug":"centro-de-estudiantes","status":"publish","type":"page","link":"https:\/\/isfdsarmiento-cha.infd.edu.ar\/sitio\/centro-de-estudiantes\/","title":{"rendered":"Centro de Estudiantes"},"content":{"rendered":"\n<p class=\"has-text-align-center\"><span style=\"font-family: georgia, palatino; font-size: 14pt; color: #993366;\"><strong>Centro de Estudiantes &#8211;<\/strong><\/span><\/p>\n\n\n\n<p><em>La organizaci\u00f3n del Centro y los estudiantes que lo conforman, son los siguientes:<\/em><\/p>\n\n\n\n<p><strong>Presidente:<\/strong> Germ\u00e1n Ben\u00edtez (Ciencias de la Educaci\u00f3n).<\/p>\n\n\n\n<p><strong>Vicepresidente:<\/strong> Francisco Ezequiel Cubilla (Profesorado en Educaci\u00f3n Primaria).<\/p>\n\n\n\n<p><strong>Secretar\u00eda General:<\/strong> Adriana Acevedo )Profesorado en Educaci\u00f3n Primaria).<\/p>\n\n\n\n<p><strong>Secretar\u00eda de Deportes y Cultura:<\/strong> Ariana Yveth Ch\u00e1vez (Educaci\u00f3n Secundaria en Biolog\u00eda).<\/p>\n\n\n\n<p><strong>Secretar\u00eda de Redes Sociales:<\/strong> Melani C\u00e1ceres (Profesorado de Educaci\u00f3n Inicial).<\/p>\n\n\n\n<p><strong>Secretar\u00eda de Prensa y Difusi\u00f3n:<\/strong> Tatiana Fern\u00e1ndez (Profesorado en Educaci\u00f3n Primaria).<\/p>\n\n\n\n<p><strong>Secretar\u00eda de Asuntos Institucionales:<\/strong> Ayalen Revolero (Profesorado en Educaci\u00f3n Inicial).<\/p>\n\n\n\n<p><strong>Secretar\u00eda de Derechos Humanos:<\/strong> Andrea Soledad Sotelo (Ciencias de la Educaci\u00f3n).<\/p>\n\n\n\n<p><strong>Secretar\u00eda de Asuntos Estudiantiles:<\/strong> Carlos Villalva (Educaci\u00f3n Secundaria de F\u00edsica).<\/p>\n\n\n\n<p><strong>Secretar\u00eda de Ambiente:<\/strong> Yuliana Bianca Escalante (Educaci\u00f3n en Educaci\u00f3n Inicial).}<\/p>\n\n\n\n<figure class=\"wp-block-gallery has-nested-images columns-default is-cropped wp-block-gallery-1 is-layout-flex\">\n<figure class=\"wp-block-image size-large\"><img decoding=\"async\" loading=\"lazy\" width=\"1080\" height=\"1299\" data-id=\"3145\"  src=\"https:\/\/isfdsarmiento-cha.infd.edu.ar\/sitio\/wp-content\/uploads\/2024\/11\/image.jpeg\" alt=\"\" class=\"wp-image-3145\" srcset=\"https:\/\/isfdsarmiento-cha.infd.edu.ar\/sitio\/wp-content\/uploads\/2024\/11\/image.jpeg 1080w, https:\/\/isfdsarmiento-cha.infd.edu.ar\/sitio\/wp-content\/uploads\/2024\/11\/image-831x1000.jpeg 831w, https:\/\/isfdsarmiento-cha.infd.edu.ar\/sitio\/wp-content\/uploads\/2024\/11\/image-768x924.jpeg 768w\" sizes=\"(max-width: 1080px) 100vw, 1080px\" \/><\/figure>\n\n\n\n<figure class=\"wp-block-image size-large\"><img decoding=\"async\" loading=\"lazy\" width=\"1080\" height=\"1311\" data-id=\"3143\"  src=\"https:\/\/isfdsarmiento-cha.infd.edu.ar\/sitio\/wp-content\/uploads\/2024\/11\/Imagen-de-WhatsApp-2024-11-11-a-las-21.47.59_b890bd6d.jpg\" alt=\"\" class=\"wp-image-3143\" srcset=\"https:\/\/isfdsarmiento-cha.infd.edu.ar\/sitio\/wp-content\/uploads\/2024\/11\/Imagen-de-WhatsApp-2024-11-11-a-las-21.47.59_b890bd6d.jpg 1080w, https:\/\/isfdsarmiento-cha.infd.edu.ar\/sitio\/wp-content\/uploads\/2024\/11\/Imagen-de-WhatsApp-2024-11-11-a-las-21.47.59_b890bd6d-824x1000.jpg 824w, https:\/\/isfdsarmiento-cha.infd.edu.ar\/sitio\/wp-content\/uploads\/2024\/11\/Imagen-de-WhatsApp-2024-11-11-a-las-21.47.59_b890bd6d-768x932.jpg 768w\" sizes=\"(max-width: 1080px) 100vw, 1080px\" \/><\/figure>\n\n\n\n<figure class=\"wp-block-image size-large\"><img decoding=\"async\" loading=\"lazy\" width=\"1080\" height=\"1325\" data-id=\"3142\"  src=\"https:\/\/isfdsarmiento-cha.infd.edu.ar\/sitio\/wp-content\/uploads\/2024\/11\/Imagen-de-WhatsApp-2024-11-11-a-las-21.47.59_f67af676.jpg\" alt=\"\" class=\"wp-image-3142\" srcset=\"https:\/\/isfdsarmiento-cha.infd.edu.ar\/sitio\/wp-content\/uploads\/2024\/11\/Imagen-de-WhatsApp-2024-11-11-a-las-21.47.59_f67af676.jpg 1080w, https:\/\/isfdsarmiento-cha.infd.edu.ar\/sitio\/wp-content\/uploads\/2024\/11\/Imagen-de-WhatsApp-2024-11-11-a-las-21.47.59_f67af676-815x1000.jpg 815w, https:\/\/isfdsarmiento-cha.infd.edu.ar\/sitio\/wp-content\/uploads\/2024\/11\/Imagen-de-WhatsApp-2024-11-11-a-las-21.47.59_f67af676-768x942.jpg 768w\" sizes=\"(max-width: 1080px) 100vw, 1080px\" \/><\/figure>\n\n\n\n<figure class=\"wp-block-image size-large\"><img decoding=\"async\" loading=\"lazy\" width=\"1080\" height=\"1319\" data-id=\"3144\"  src=\"https:\/\/isfdsarmiento-cha.infd.edu.ar\/sitio\/wp-content\/uploads\/2024\/11\/Imagen-de-WhatsApp-2024-11-11-a-las-21.48.00_cf01b03c.jpg\" alt=\"\" class=\"wp-image-3144\" srcset=\"https:\/\/isfdsarmiento-cha.infd.edu.ar\/sitio\/wp-content\/uploads\/2024\/11\/Imagen-de-WhatsApp-2024-11-11-a-las-21.48.00_cf01b03c.jpg 1080w, https:\/\/isfdsarmiento-cha.infd.edu.ar\/sitio\/wp-content\/uploads\/2024\/11\/Imagen-de-WhatsApp-2024-11-11-a-las-21.48.00_cf01b03c-819x1000.jpg 819w, https:\/\/isfdsarmiento-cha.infd.edu.ar\/sitio\/wp-content\/uploads\/2024\/11\/Imagen-de-WhatsApp-2024-11-11-a-las-21.48.00_cf01b03c-768x938.jpg 768w\" sizes=\"(max-width: 1080px) 100vw, 1080px\" \/><\/figure>\n\n\n\n<figure class=\"wp-block-image size-large\"><img decoding=\"async\" loading=\"lazy\" width=\"1080\" height=\"1334\" data-id=\"3139\"  src=\"https:\/\/isfdsarmiento-cha.infd.edu.ar\/sitio\/wp-content\/uploads\/2024\/11\/Imagen-de-WhatsApp-2024-11-11-a-las-21.48.01_5936d5fb.jpg\" alt=\"\" class=\"wp-image-3139\" srcset=\"https:\/\/isfdsarmiento-cha.infd.edu.ar\/sitio\/wp-content\/uploads\/2024\/11\/Imagen-de-WhatsApp-2024-11-11-a-las-21.48.01_5936d5fb.jpg 1080w, https:\/\/isfdsarmiento-cha.infd.edu.ar\/sitio\/wp-content\/uploads\/2024\/11\/Imagen-de-WhatsApp-2024-11-11-a-las-21.48.01_5936d5fb-810x1000.jpg 810w, https:\/\/isfdsarmiento-cha.infd.edu.ar\/sitio\/wp-content\/uploads\/2024\/11\/Imagen-de-WhatsApp-2024-11-11-a-las-21.48.01_5936d5fb-768x949.jpg 768w\" sizes=\"(max-width: 1080px) 100vw, 1080px\" \/><\/figure>\n\n\n\n<figure class=\"wp-block-image size-large\"><img decoding=\"async\" loading=\"lazy\" width=\"1080\" height=\"1317\" data-id=\"3140\"  src=\"https:\/\/isfdsarmiento-cha.infd.edu.ar\/sitio\/wp-content\/uploads\/2024\/11\/Imagen-de-WhatsApp-2024-11-11-a-las-21.48.02_8d5139e6.jpg\" alt=\"\" class=\"wp-image-3140\" srcset=\"https:\/\/isfdsarmiento-cha.infd.edu.ar\/sitio\/wp-content\/uploads\/2024\/11\/Imagen-de-WhatsApp-2024-11-11-a-las-21.48.02_8d5139e6.jpg 1080w, https:\/\/isfdsarmiento-cha.infd.edu.ar\/sitio\/wp-content\/uploads\/2024\/11\/Imagen-de-WhatsApp-2024-11-11-a-las-21.48.02_8d5139e6-820x1000.jpg 820w, https:\/\/isfdsarmiento-cha.infd.edu.ar\/sitio\/wp-content\/uploads\/2024\/11\/Imagen-de-WhatsApp-2024-11-11-a-las-21.48.02_8d5139e6-768x937.jpg 768w\" sizes=\"(max-width: 1080px) 100vw, 1080px\" \/><\/figure>\n\n\n\n<figure class=\"wp-block-image size-large\"><img decoding=\"async\" loading=\"lazy\" width=\"1080\" height=\"1330\" data-id=\"3138\"  src=\"https:\/\/isfdsarmiento-cha.infd.edu.ar\/sitio\/wp-content\/uploads\/2024\/11\/Imagen-de-WhatsApp-2024-11-11-a-las-21.48.02_3d513230.jpg\" alt=\"\" class=\"wp-image-3138\" srcset=\"https:\/\/isfdsarmiento-cha.infd.edu.ar\/sitio\/wp-content\/uploads\/2024\/11\/Imagen-de-WhatsApp-2024-11-11-a-las-21.48.02_3d513230.jpg 1080w, https:\/\/isfdsarmiento-cha.infd.edu.ar\/sitio\/wp-content\/uploads\/2024\/11\/Imagen-de-WhatsApp-2024-11-11-a-las-21.48.02_3d513230-812x1000.jpg 812w, https:\/\/isfdsarmiento-cha.infd.edu.ar\/sitio\/wp-content\/uploads\/2024\/11\/Imagen-de-WhatsApp-2024-11-11-a-las-21.48.02_3d513230-768x946.jpg 768w\" sizes=\"(max-width: 1080px) 100vw, 1080px\" \/><\/figure>\n\n\n\n<figure class=\"wp-block-image size-large\"><img decoding=\"async\" loading=\"lazy\" width=\"1080\" height=\"1362\" data-id=\"3136\"  src=\"https:\/\/isfdsarmiento-cha.infd.edu.ar\/sitio\/wp-content\/uploads\/2024\/11\/Imagen-de-WhatsApp-2024-11-12-a-las-08.21.55_6a6312ba.jpg\" alt=\"\" class=\"wp-image-3136\" srcset=\"https:\/\/isfdsarmiento-cha.infd.edu.ar\/sitio\/wp-content\/uploads\/2024\/11\/Imagen-de-WhatsApp-2024-11-12-a-las-08.21.55_6a6312ba.jpg 1080w, https:\/\/isfdsarmiento-cha.infd.edu.ar\/sitio\/wp-content\/uploads\/2024\/11\/Imagen-de-WhatsApp-2024-11-12-a-las-08.21.55_6a6312ba-793x1000.jpg 793w, https:\/\/isfdsarmiento-cha.infd.edu.ar\/sitio\/wp-content\/uploads\/2024\/11\/Imagen-de-WhatsApp-2024-11-12-a-las-08.21.55_6a6312ba-768x969.jpg 768w\" sizes=\"(max-width: 1080px) 100vw, 1080px\" \/><\/figure>\n\n\n\n<figure class=\"wp-block-image size-large\"><img decoding=\"async\" loading=\"lazy\" width=\"1080\" height=\"1314\" data-id=\"3137\"  src=\"https:\/\/isfdsarmiento-cha.infd.edu.ar\/sitio\/wp-content\/uploads\/2024\/11\/Imagen-de-WhatsApp-2024-11-11-a-las-21.48.03_4292ff0b.jpg\" alt=\"\" class=\"wp-image-3137\" srcset=\"https:\/\/isfdsarmiento-cha.infd.edu.ar\/sitio\/wp-content\/uploads\/2024\/11\/Imagen-de-WhatsApp-2024-11-11-a-las-21.48.03_4292ff0b.jpg 1080w, https:\/\/isfdsarmiento-cha.infd.edu.ar\/sitio\/wp-content\/uploads\/2024\/11\/Imagen-de-WhatsApp-2024-11-11-a-las-21.48.03_4292ff0b-822x1000.jpg 822w, https:\/\/isfdsarmiento-cha.infd.edu.ar\/sitio\/wp-content\/uploads\/2024\/11\/Imagen-de-WhatsApp-2024-11-11-a-las-21.48.03_4292ff0b-768x934.jpg 768w\" sizes=\"(max-width: 1080px) 100vw, 1080px\" \/><\/figure>\n<\/figure>\n","protected":false},"excerpt":{"rendered":"<p>Centro de Estudiantes &#8211; La organizaci\u00f3n del Centro y los estudiantes que lo conforman, son los siguientes: Presidente: Germ\u00e1n Ben\u00edtez (Ciencias de la Educaci\u00f3n). Vicepresidente: Francisco Ezequiel Cubilla (Profesorado en Educaci\u00f3n Primaria). Secretar\u00eda General: Adriana Acevedo )Profesorado en Educaci\u00f3n Primaria). Secretar\u00eda de Deportes y Cultura: Ariana Yveth Ch\u00e1vez (Educaci\u00f3n Secundaria en Biolog\u00eda). Secretar\u00eda de Redes &#8230; <a title=\"Centro de Estudiantes\" class=\"read-more\" href=\"https:\/\/isfdsarmiento-cha.infd.edu.ar\/sitio\/centro-de-estudiantes\/\" aria-label=\"More on Centro de Estudiantes\">[+]<\/a><\/p>\n","protected":false},"author":3561,"featured_media":0,"parent":0,"menu_order":0,"comment_status":"closed","ping_status":"closed","template":"","meta":[],"acf":[],"_links":{"self":[{"href":"https:\/\/isfdsarmiento-cha.infd.edu.ar\/sitio\/wp-json\/wp\/v2\/pages\/993"}],"collection":[{"href":"https:\/\/isfdsarmiento-cha.infd.edu.ar\/sitio\/wp-json\/wp\/v2\/pages"}],"about":[{"href":"https:\/\/isfdsarmiento-cha.infd.edu.ar\/sitio\/wp-json\/wp\/v2\/types\/page"}],"author":[{"embeddable":true,"href":"https:\/\/isfdsarmiento-cha.infd.edu.ar\/sitio\/wp-json\/wp\/v2\/users\/3561"}],"replies":[{"embeddable":true,"href":"https:\/\/isfdsarmiento-cha.infd.edu.ar\/sitio\/wp-json\/wp\/v2\/comments?post=993"}],"version-history":[{"count":4,"href":"https:\/\/isfdsarmiento-cha.infd.edu.ar\/sitio\/wp-json\/wp\/v2\/pages\/993\/revisions"}],"predecessor-version":[{"id":3146,"href":"https:\/\/isfdsarmiento-cha.infd.edu.ar\/sitio\/wp-json\/wp\/v2\/pages\/993\/revisions\/3146"}],"wp:attachment":[{"href":"https:\/\/isfdsarmiento-cha.infd.edu.ar\/sitio\/wp-json\/wp\/v2\/media?parent=993"}],"curies":[{"name":"wp","href":"https:\/\/api.w.org\/{rel}","templated":true}]}}